{"id":157,"date":"2025-07-28T19:26:45","date_gmt":"2025-07-29T00:26:45","guid":{"rendered":"https:\/\/georgethepenguin.dev\/?page_id=157"},"modified":"2025-07-28T19:26:46","modified_gmt":"2025-07-29T00:26:46","slug":"mis-aplicaciones-y-plugins-favoritas-para-desarrollo-de-software","status":"publish","type":"page","link":"https:\/\/georgethepenguin.dev\/index.php\/mis-aplicaciones-y-plugins-favoritas-para-desarrollo-de-software\/","title":{"rendered":"Mis Aplicaciones y Plugins favoritas para Desarrollo de Software"},"content":{"rendered":"\n<p>En el mundo del desarrollo de software, contar con las herramientas adecuadas puede marcar la diferencia entre un flujo de trabajo eficiente y una experiencia frustrante. En esta p\u00e1gina de mi blog, compartir\u00e9 una selecci\u00f3n de las aplicaciones y plugins que se han convertido en indispensables en mi d\u00eda a d\u00eda como desarrollador. Desde editores de c\u00f3digo y herramientas de depuraci\u00f3n hasta extensiones que potencian mi productividad, cada una de estas herramientas ha sido clave para optimizar mi proceso de desarrollo y mantener la calidad del c\u00f3digo.<\/p>\n\n\n\n<h2 class=\"wp-block-heading\">Aplicaciones<\/h2>\n\n\n\n<figure class=\"wp-block-table\"><table><tbody><tr><td><strong>NOMBRE<\/strong><\/td><td><strong>DESCRIPCI\u00d3N<\/strong><\/td><td><strong>ENLACE<\/strong><\/td><\/tr><tr><td><strong>IntelliJ IDEA<\/strong><\/td><td>IDE para desarrollo en Java.<\/td><td><a href=\"https:\/\/www.jetbrains.com\/idea\/\">https:\/\/www.jetbrains.com\/idea\/<\/a><\/td><\/tr><tr><td><strong>Visual Studio Code<\/strong><\/td><td>Editor para desarrollo en m\u00faltiples lenguajes.<\/td><td><a href=\"https:\/\/code.visualstudio.com\/\">https:\/\/code.visualstudio.com\/<\/a><\/td><\/tr><tr><td><strong>Docker<\/strong><\/td><td>Gestor de contenedores.<\/td><td><a href=\"https:\/\/www.docker.com\/\">https:\/\/www.docker.com\/<\/a><\/td><\/tr><tr><td><strong>Podman<\/strong><\/td><td>Gestor de contenedores, alternativa a Docker Desktop.<\/td><td><a href=\"https:\/\/podman.io\/\">https:\/\/podman.io\/<\/a><\/td><\/tr><tr><td><strong>Rancher Desktop by SUSE<\/strong><\/td><td>Gestor de contenedores, alternativa a Docker Desktop.<\/td><td><a href=\"https:\/\/rancherdesktop.io\/\">https:\/\/rancherdesktop.io\/<\/a><\/td><\/tr><tr><td><strong>MobaXterm<\/strong><\/td><td>Terminal mejorado para Windows con servidor X11, cliente SSH con pesta\u00f1as, herramientas de red y mucho m\u00e1s.<\/td><td><a href=\"https:\/\/mobaxterm.mobatek.net\/\">https:\/\/mobaxterm.mobatek.net\/<\/a><\/td><\/tr><tr><td><strong>Postman<\/strong><\/td><td>Plataforma API para crear y utilizar APIs.<\/td><td><a href=\"https:\/\/www.postman.com\/\">https:\/\/www.postman.com\/<\/a><\/td><\/tr><tr><td><strong>Mockoon<\/strong><\/td><td>Herramienta que facilita el dise\u00f1o y ejecuci\u00f3n de APIs REST simuladas.<\/td><td><a href=\"https:\/\/mockoon.com\/\">https:\/\/mockoon.com\/<\/a><\/td><\/tr><\/tbody><\/table><figcaption class=\"wp-element-caption\"><em>Mis aplicaciones favoritas para desarrollo de software.<\/em><\/figcaption><\/figure>\n\n\n\n<h2 class=\"wp-block-heading\">Plugins<\/h2>\n\n\n\n<h3 class=\"wp-block-heading\">IntelliJ IDEA<\/h3>\n\n\n\n<figure class=\"wp-block-table\"><table><tbody><tr><td><strong>NOMBRE<\/strong><\/td><td><strong>DESCRIPCI\u00d3N<\/strong><\/td><td><strong>ENLACE<\/strong><\/td><\/tr><tr><td><strong>CamelCase<\/strong><\/td><td>Cambia f\u00e1cilmente texto entre kebab-case, SNAKE_CASE, PascalCase, camelCase, snake_case o space case.<\/td><td><a href=\"https:\/\/plugins.jetbrains.com\/plugin\/7160-camelcase\">https:\/\/plugins.jetbrains.com\/plugin\/7160-camelcase<\/a><\/td><\/tr><tr><td><strong>GenerateSerialVersionUID<\/strong><\/td><td>Genera el serialVersionUID para las clases Java.<\/td><td><a href=\"https:\/\/plugins.jetbrains.com\/plugin\/185-generateserialversionuid\">https:\/\/plugins.jetbrains.com\/plugin\/185-generateserialversionuid<\/a><\/td><\/tr><tr><td><strong>Key Promoter X<\/strong><\/td><td>Indica y recuerda los atajos de teclado para las diferentes acciones del IDE.<\/td><td><a href=\"https:\/\/plugins.jetbrains.com\/plugin\/9792-key-promoter-x\">https:\/\/plugins.jetbrains.com\/plugin\/9792-key-promoter-x<\/a><\/td><\/tr><tr><td><strong>QA Plug<\/strong><\/td><td>Gestiona la calidad del c\u00f3digo integrando herramientas como PMD, Checkstyle y Findbugs.<\/td><td><a href=\"https:\/\/plugins.jetbrains.com\/plugin\/4594-qaplug\">https:\/\/plugins.jetbrains.com\/plugin\/4594-qaplug<\/a><\/td><\/tr><tr><td><strong>SonarLint<\/strong><\/td><td>Encuentra y corrige problemas de codificaci\u00f3n en tiempo real, se\u00f1alando los problemas mientras se codifica.<\/td><td><a href=\"https:\/\/plugins.jetbrains.com\/plugin\/7973-sonarlint\">https:\/\/plugins.jetbrains.com\/plugin\/7973-sonarlint<\/a><\/td><\/tr><\/tbody><\/table><figcaption class=\"wp-element-caption\"><em>Mis plugins favoritos para IntelliJ IDEA.<\/em><\/figcaption><\/figure>\n\n\n\n<h3 class=\"wp-block-heading\">Visual Studio Code<\/h3>\n\n\n\n<figure class=\"wp-block-table\"><table><tbody><tr><td><strong>NOMBRE<\/strong><\/td><td><strong>DESCRIPCI\u00d3N<\/strong><\/td><td><strong>ENLACE<\/strong><\/td><\/tr><tr><td><strong>JSON Path Status Bar<\/strong><\/td><td>Muestra la ruta a la propiedad JSON seleccionada en la barra de estado.<\/td><td><a href=\"https:\/\/marketplace.visualstudio.com\/items?itemName=richie5um2.vscode-statusbar-json-path\">https:\/\/marketplace.visualstudio.com\/items?itemName=richie5um2.vscode-statusbar-json-path<\/a><\/td><\/tr><tr><td><strong>PlantUML<\/strong><\/td><td>Soporte avanzado de PlantUML para Visual Studio Code.<\/td><td><a href=\"https:\/\/marketplace.visualstudio.com\/items?itemName=jebbs.plantuml\">https:\/\/marketplace.visualstudio.com\/items?itemName=jebbs.plantuml<\/a><\/td><\/tr><tr><td><strong>SonarLint<\/strong><\/td><td>Encuentra y corrige problemas de codificaci\u00f3n en tiempo real, se\u00f1alando los problemas mientras se codifica.<\/td><td><a href=\"https:\/\/marketplace.visualstudio.com\/items?itemName=SonarSource.sonarlint-vscode\">https:\/\/marketplace.visualstudio.com\/items?itemName=SonarSource.sonarlint-vscode<\/a><\/td><\/tr><tr><td><strong>Sort JSON<\/strong><\/td><td>Ordenamiento simple de objetos y arreglos JSON.<\/td><td><a href=\"https:\/\/marketplace.visualstudio.com\/items?itemName=Thinker.sort-json\">https:\/\/marketplace.visualstudio.com\/items?itemName=Thinker.sort-json<\/a><\/td><\/tr><tr><td><strong>GitLens<\/strong><\/td><td>Permite visualizar la informaci\u00f3n de los repositorios Git.<\/td><td><a href=\"https:\/\/marketplace.visualstudio.com\/items?itemName=eamodio.gitlens\">https:\/\/marketplace.visualstudio.com\/items?itemName=eamodio.gitlens<\/a><\/td><\/tr><tr><td><strong>AWS Toolkit<\/strong><\/td><td>Permite interactuar con AWS directamente desde VS Code.<\/td><td><a href=\"https:\/\/marketplace.visualstudio.com\/items?itemName=AmazonWebServices.aws-toolkit-vscode\">https:\/\/marketplace.visualstudio.com\/items?itemName=AmazonWebServices.aws-toolkit-vscode<\/a><\/td><\/tr><tr><td><strong>GitHub Copilot<\/strong><\/td><td>Herramienta de programaci\u00f3n en pareja con IA que ayuda a escribir c\u00f3digo m\u00e1s r\u00e1pido e inteligentemente.<\/td><td><a href=\"https:\/\/marketplace.visualstudio.com\/items?itemName=GitHub.copilot\">https:\/\/marketplace.visualstudio.com\/items?itemName=GitHub.copilot<\/a><\/td><\/tr><\/tbody><\/table><figcaption class=\"wp-element-caption\"><em>Mis plugins favoritos para Visual Studio Code.<\/em><\/figcaption><\/figure>\n","protected":false},"excerpt":{"rendered":"<p>En el mundo del desarrollo de software, contar con las herramientas adecuadas puede marcar la diferencia entre un flujo de trabajo eficiente y una experiencia frustrante. En esta p\u00e1gina de mi blog, compartir\u00e9 una selecci\u00f3n de las aplicaciones y plugins que se han convertido en indispensables en mi d\u00eda a d\u00eda como desarrollador. Desde editores [&hellip;]<\/p>\n","protected":false},"author":1,"featured_media":0,"parent":0,"menu_order":0,"comment_status":"closed","ping_status":"closed","template":"","meta":{"site-sidebar-layout":"default","site-content-layout":"","ast-site-content-layout":"default","site-content-style":"default","site-sidebar-style":"default","ast-global-header-display":"","ast-banner-title-visibility":"","ast-main-header-display":"","ast-hfb-above-header-display":"","ast-hfb-below-header-display":"","ast-hfb-mobile-header-display":"","site-post-title":"","ast-breadcrumbs-content":"","ast-featured-img":"","footer-sml-layout":"","theme-transparent-header-meta":"","adv-header-id-meta":"","stick-header-meta":"","header-above-stick-meta":"","header-main-stick-meta":"","header-below-stick-meta":"","astra-migrate-meta-layouts":"default","ast-page-background-enabled":"default","ast-page-background-meta":{"desktop":{"background-color":"var(--ast-global-color-4)","background-image":"","background-repeat":"repeat","background-position":"center center","background-size":"auto","background-attachment":"scroll","background-type":"","background-media":"","overlay-type":"","overlay-color":"","overlay-opacity":"","overlay-gradient":""},"tablet":{"background-color":"","background-image":"","background-repeat":"repeat","background-position":"center center","background-size":"auto","background-attachment":"scroll","background-type":"","background-media":"","overlay-type":"","overlay-color":"","overlay-opacity":"","overlay-gradient":""},"mobile":{"background-color":"","background-image":"","background-repeat":"repeat","background-position":"center center","background-size":"auto","background-attachment":"scroll","background-type":"","background-media":"","overlay-type":"","overlay-color":"","overlay-opacity":"","overlay-gradient":""}},"ast-content-background-meta":{"desktop":{"background-color":"var(--ast-global-color-5)","background-image":"","background-repeat":"repeat","background-position":"center center","background-size":"auto","background-attachment":"scroll","background-type":"","background-media":"","overlay-type":"","overlay-color":"","overlay-opacity":"","overlay-gradient":""},"tablet":{"background-color":"var(--ast-global-color-5)","background-image":"","background-repeat":"repeat","background-position":"center center","background-size":"auto","background-attachment":"scroll","background-type":"","background-media":"","overlay-type":"","overlay-color":"","overlay-opacity":"","overlay-gradient":""},"mobile":{"background-color":"var(--ast-global-color-5)","background-image":"","background-repeat":"repeat","background-position":"center center","background-size":"auto","background-attachment":"scroll","background-type":"","background-media":"","overlay-type":"","overlay-color":"","overlay-opacity":"","overlay-gradient":""}},"footnotes":""},"class_list":["post-157","page","type-page","status-publish","hentry"],"_links":{"self":[{"href":"https:\/\/georgethepenguin.dev\/index.php\/wp-json\/wp\/v2\/pages\/157","targetHints":{"allow":["GET"]}}],"collection":[{"href":"https:\/\/georgethepenguin.dev\/index.php\/wp-json\/wp\/v2\/pages"}],"about":[{"href":"https:\/\/georgethepenguin.dev\/index.php\/wp-json\/wp\/v2\/types\/page"}],"author":[{"embeddable":true,"href":"https:\/\/georgethepenguin.dev\/index.php\/wp-json\/wp\/v2\/users\/1"}],"replies":[{"embeddable":true,"href":"https:\/\/georgethepenguin.dev\/index.php\/wp-json\/wp\/v2\/comments?post=157"}],"version-history":[{"count":7,"href":"https:\/\/georgethepenguin.dev\/index.php\/wp-json\/wp\/v2\/pages\/157\/revisions"}],"predecessor-version":[{"id":164,"href":"https:\/\/georgethepenguin.dev\/index.php\/wp-json\/wp\/v2\/pages\/157\/revisions\/164"}],"wp:attachment":[{"href":"https:\/\/georgethepenguin.dev\/index.php\/wp-json\/wp\/v2\/media?parent=157"}],"curies":[{"name":"wp","href":"https:\/\/api.w.org\/{rel}","templated":true}]}}