{"id":174,"date":"2025-08-09T11:01:43","date_gmt":"2025-08-09T16:01:43","guid":{"rendered":"https:\/\/georgethepenguin.dev\/?page_id=174"},"modified":"2025-08-09T13:48:40","modified_gmt":"2025-08-09T18:48:40","slug":"guias-y-recursos-para-estudiantes-ingenieros-y-arquitectos-de-software","status":"publish","type":"page","link":"https:\/\/georgethepenguin.dev\/index.php\/guias-y-recursos-para-estudiantes-ingenieros-y-arquitectos-de-software\/","title":{"rendered":"Gu\u00edas y Recursos para Estudiantes, Ingenieros y Arquitectos de Software"},"content":{"rendered":"\n<p>Bienvenido a esta secci\u00f3n dedicada a <strong>ingenieros, arquitectos y estudiantes de software<\/strong> que buscan mejorar sus habilidades, optimizar su trabajo o estudios diarios y mantenerse actualizados en un mundo tecnol\u00f3gico en constante evoluci\u00f3n.<\/p>\n\n\n\n<figure class=\"wp-block-image aligncenter size-large is-style-default\"><img loading=\"lazy\" decoding=\"async\" width=\"1024\" height=\"683\" src=\"https:\/\/georgethepenguin.dev\/wp-content\/uploads\/2025\/08\/guias-recursos-1024x683.png\" alt=\"\" class=\"wp-image-179\" srcset=\"https:\/\/georgethepenguin.dev\/wp-content\/uploads\/2025\/08\/guias-recursos-1024x683.png 1024w, https:\/\/georgethepenguin.dev\/wp-content\/uploads\/2025\/08\/guias-recursos-300x200.png 300w, https:\/\/georgethepenguin.dev\/wp-content\/uploads\/2025\/08\/guias-recursos-768x512.png 768w, https:\/\/georgethepenguin.dev\/wp-content\/uploads\/2025\/08\/guias-recursos.png 1536w\" sizes=\"auto, (max-width: 1024px) 100vw, 1024px\" \/><\/figure>\n\n\n\n<p>Aqu\u00ed encontrar\u00e1s <strong>gu\u00edas pr\u00e1cticas y recursos externos seleccionados<\/strong>, pensados para apoyarte en tu d\u00eda a d\u00eda, ya sea que est\u00e9s dise\u00f1ando una nueva arquitectura, resolviendo problemas complejos, desarrollando tus primeras aplicaciones o explorando nuevas tendencias y buenas pr\u00e1cticas en el desarrollo de software.<\/p>\n\n\n\n<p>Mi objetivo es ofrecerte material de calidad que complemente tu aprendizaje, impulse tu crecimiento profesional y te ayude a tomar mejores decisiones t\u00e9cnicas.<\/p>\n\n\n\n<p><strong>IMPORTANTE<\/strong>: \u00bfTienes ideas, sugerencias o conoces recursos que puedan enriquecer estas gu\u00edas? \ud83d\udca1<br>Me encantar\u00eda recibir tu retroalimentaci\u00f3n y descubrir nuevos materiales para incluir. Escr\u00edbeme por cualquiera de mis redes sociales y ayudemos juntos a que estas gu\u00edas sigan creciendo y sirvan a m\u00e1s personas.<\/p>\n\n\n\n<h3 class=\"wp-block-heading\">Gu\u00edas Disponibles<\/h3>\n\n\n\n<ul class=\"wp-block-list\">\n<li><a href=\"https:\/\/georgethepenguin.dev\/index.php\/mis-aplicaciones-y-plugins-favoritas-para-desarrollo-de-software\/\" data-type=\"page\" data-id=\"157\">Mis Aplicaciones y Plugins favoritas para Desarrollo de Software<\/a><\/li>\n\n\n\n<li><a href=\"https:\/\/georgethepenguin.dev\/index.php\/recursos-on-line-para-arquitectos-de-software\/\" data-type=\"page\" data-id=\"182\">Recursos On-line para Arquitectos de Software<\/a><\/li>\n<\/ul>\n\n\n\n<p><\/p>\n","protected":false},"excerpt":{"rendered":"<p>Bienvenido a esta secci\u00f3n dedicada a ingenieros, arquitectos y estudiantes de software que buscan mejorar sus habilidades, optimizar su trabajo o estudios diarios y mantenerse actualizados en un mundo tecnol\u00f3gico en constante evoluci\u00f3n. Aqu\u00ed encontrar\u00e1s gu\u00edas pr\u00e1cticas y recursos externos seleccionados, pensados para apoyarte en tu d\u00eda a d\u00eda, ya sea que est\u00e9s dise\u00f1ando una [&hellip;]<\/p>\n","protected":false},"author":1,"featured_media":179,"parent":0,"menu_order":0,"comment_status":"closed","ping_status":"closed","template":"","meta":{"site-sidebar-layout":"default","site-content-layout":"","ast-site-content-layout":"default","site-content-style":"default","site-sidebar-style":"default","ast-global-header-display":"","ast-banner-title-visibility":"","ast-main-header-display":"","ast-hfb-above-header-display":"","ast-hfb-below-header-display":"","ast-hfb-mobile-header-display":"","site-post-title":"","ast-breadcrumbs-content":"","ast-featured-img":"","footer-sml-layout":"","theme-transparent-header-meta":"","adv-header-id-meta":"","stick-header-meta":"","header-above-stick-meta":"","header-main-stick-meta":"","header-below-stick-meta":"","astra-migrate-meta-layouts":"set","ast-page-background-enabled":"default","ast-page-background-meta":{"desktop":{"background-color":"var(--ast-global-color-4)","background-image":"","background-repeat":"repeat","background-position":"center center","background-size":"auto","background-attachment":"scroll","background-type":"","background-media":"","overlay-type":"","overlay-color":"","overlay-opacity":"","overlay-gradient":""},"tablet":{"background-color":"","background-image":"","background-repeat":"repeat","background-position":"center center","background-size":"auto","background-attachment":"scroll","background-type":"","background-media":"","overlay-type":"","overlay-color":"","overlay-opacity":"","overlay-gradient":""},"mobile":{"background-color":"","background-image":"","background-repeat":"repeat","background-position":"center center","background-size":"auto","background-attachment":"scroll","background-type":"","background-media":"","overlay-type":"","overlay-color":"","overlay-opacity":"","overlay-gradient":""}},"ast-content-background-meta":{"desktop":{"background-color":"var(--ast-global-color-5)","background-image":"","background-repeat":"repeat","background-position":"center center","background-size":"auto","background-attachment":"scroll","background-type":"","background-media":"","overlay-type":"","overlay-color":"","overlay-opacity":"","overlay-gradient":""},"tablet":{"background-color":"var(--ast-global-color-5)","background-image":"","background-repeat":"repeat","background-position":"center center","background-size":"auto","background-attachment":"scroll","background-type":"","background-media":"","overlay-type":"","overlay-color":"","overlay-opacity":"","overlay-gradient":""},"mobile":{"background-color":"var(--ast-global-color-5)","background-image":"","background-repeat":"repeat","background-position":"center center","background-size":"auto","background-attachment":"scroll","background-type":"","background-media":"","overlay-type":"","overlay-color":"","overlay-opacity":"","overlay-gradient":""}},"footnotes":""},"class_list":["post-174","page","type-page","status-publish","has-post-thumbnail","hentry"],"_links":{"self":[{"href":"https:\/\/georgethepenguin.dev\/index.php\/wp-json\/wp\/v2\/pages\/174","targetHints":{"allow":["GET"]}}],"collection":[{"href":"https:\/\/georgethepenguin.dev\/index.php\/wp-json\/wp\/v2\/pages"}],"about":[{"href":"https:\/\/georgethepenguin.dev\/index.php\/wp-json\/wp\/v2\/types\/page"}],"author":[{"embeddable":true,"href":"https:\/\/georgethepenguin.dev\/index.php\/wp-json\/wp\/v2\/users\/1"}],"replies":[{"embeddable":true,"href":"https:\/\/georgethepenguin.dev\/index.php\/wp-json\/wp\/v2\/comments?post=174"}],"version-history":[{"count":4,"href":"https:\/\/georgethepenguin.dev\/index.php\/wp-json\/wp\/v2\/pages\/174\/revisions"}],"predecessor-version":[{"id":201,"href":"https:\/\/georgethepenguin.dev\/index.php\/wp-json\/wp\/v2\/pages\/174\/revisions\/201"}],"wp:featuredmedia":[{"embeddable":true,"href":"https:\/\/georgethepenguin.dev\/index.php\/wp-json\/wp\/v2\/media\/179"}],"wp:attachment":[{"href":"https:\/\/georgethepenguin.dev\/index.php\/wp-json\/wp\/v2\/media?parent=174"}],"curies":[{"name":"wp","href":"https:\/\/api.w.org\/{rel}","templated":true}]}}