{"id":50,"date":"2023-04-21T14:51:23","date_gmt":"2023-04-21T19:51:23","guid":{"rendered":"https:\/\/georgethepenguin.dev\/?page_id=50"},"modified":"2023-04-21T14:51:24","modified_gmt":"2023-04-21T19:51:24","slug":"aviso-legal-legal-disclaimer","status":"publish","type":"page","link":"https:\/\/georgethepenguin.dev\/index.php\/aviso-legal-legal-disclaimer\/","title":{"rendered":"AVISO LEGAL &#8211; LEGAL DISCLAIMER"},"content":{"rendered":"\n<p class=\"has-x-large-font-size\">AVISO LEGAL<\/p>\n\n\n\n<p>Este blog es de car\u00e1cter personal y contiene opiniones y puntos de vista del autor. Dichas opiniones no representan ni tienen relaci\u00f3n alguna con la empresa en la cual trabaja el autor ni con sus clientes o proyectos. Las opiniones aqu\u00ed expresadas son exclusivamente del autor.<\/p>\n\n\n\n<p>El contenido de este blog se proporciona con fines informativos y no constituye asesoramiento legal, financiero o profesional de ninguna \u00edndole. El autor no se hace responsable por cualquier da\u00f1o o perjuicio que pueda resultar del uso de la informaci\u00f3n contenida en este blog.<\/p>\n\n\n\n<p>El autor se reserva el derecho de modificar, actualizar o eliminar cualquier informaci\u00f3n o contenido de este blog en cualquier momento y sin previo aviso.<\/p>\n\n\n\n<p class=\"has-x-large-font-size\">LEGAL DISCLAIMER<\/p>\n\n\n\n<p>This blog is of a personal nature and contains opinions and views of the author. Such opinions do not represent nor have any relationship with the company in which the author works, nor with its clients or projects. The opinions expressed here are solely those of the author.<\/p>\n\n\n\n<p>The content of this blog is provided for informational purposes only and does not constitute legal, financial, or professional advice of any kind. The author is not liable for any damages or losses that may result from the use of the information contained in this blog.<\/p>\n\n\n\n<p>The author reserves the right to modify, update, or remove any information or content from this blog at any time and without prior notice.<\/p>\n","protected":false},"excerpt":{"rendered":"<p>AVISO LEGAL Este blog es de car\u00e1cter personal y contiene opiniones y puntos de vista del autor. Dichas opiniones no representan ni tienen relaci\u00f3n alguna con la empresa en la cual trabaja el autor ni con sus clientes o proyectos. Las opiniones aqu\u00ed expresadas son exclusivamente del autor. El contenido de este blog se proporciona [&hellip;]<\/p>\n","protected":false},"author":1,"featured_media":0,"parent":0,"menu_order":0,"comment_status":"closed","ping_status":"closed","template":"","meta":{"site-sidebar-layout":"default","site-content-layout":"","ast-site-content-layout":"default","site-content-style":"default","site-sidebar-style":"default","ast-global-header-display":"","ast-banner-title-visibility":"","ast-main-header-display":"","ast-hfb-above-header-display":"","ast-hfb-below-header-display":"","ast-hfb-mobile-header-display":"","site-post-title":"","ast-breadcrumbs-content":"","ast-featured-img":"","footer-sml-layout":"","theme-transparent-header-meta":"","adv-header-id-meta":"","stick-header-meta":"","header-above-stick-meta":"","header-main-stick-meta":"","header-below-stick-meta":"","astra-migrate-meta-layouts":"default","ast-page-background-enabled":"default","ast-page-background-meta":{"desktop":{"background-color":"var(--ast-global-color-4)","background-image":"","background-repeat":"repeat","background-position":"center center","background-size":"auto","background-attachment":"scroll","background-type":"","background-media":"","overlay-type":"","overlay-color":"","overlay-opacity":"","overlay-gradient":""},"tablet":{"background-color":"","background-image":"","background-repeat":"repeat","background-position":"center center","background-size":"auto","background-attachment":"scroll","background-type":"","background-media":"","overlay-type":"","overlay-color":"","overlay-opacity":"","overlay-gradient":""},"mobile":{"background-color":"","background-image":"","background-repeat":"repeat","background-position":"center center","background-size":"auto","background-attachment":"scroll","background-type":"","background-media":"","overlay-type":"","overlay-color":"","overlay-opacity":"","overlay-gradient":""}},"ast-content-background-meta":{"desktop":{"background-color":"var(--ast-global-color-5)","background-image":"","background-repeat":"repeat","background-position":"center center","background-size":"auto","background-attachment":"scroll","background-type":"","background-media":"","overlay-type":"","overlay-color":"","overlay-opacity":"","overlay-gradient":""},"tablet":{"background-color":"var(--ast-global-color-5)","background-image":"","background-repeat":"repeat","background-position":"center center","background-size":"auto","background-attachment":"scroll","background-type":"","background-media":"","overlay-type":"","overlay-color":"","overlay-opacity":"","overlay-gradient":""},"mobile":{"background-color":"var(--ast-global-color-5)","background-image":"","background-repeat":"repeat","background-position":"center center","background-size":"auto","background-attachment":"scroll","background-type":"","background-media":"","overlay-type":"","overlay-color":"","overlay-opacity":"","overlay-gradient":""}},"footnotes":""},"class_list":["post-50","page","type-page","status-publish","hentry"],"_links":{"self":[{"href":"https:\/\/georgethepenguin.dev\/index.php\/wp-json\/wp\/v2\/pages\/50","targetHints":{"allow":["GET"]}}],"collection":[{"href":"https:\/\/georgethepenguin.dev\/index.php\/wp-json\/wp\/v2\/pages"}],"about":[{"href":"https:\/\/georgethepenguin.dev\/index.php\/wp-json\/wp\/v2\/types\/page"}],"author":[{"embeddable":true,"href":"https:\/\/georgethepenguin.dev\/index.php\/wp-json\/wp\/v2\/users\/1"}],"replies":[{"embeddable":true,"href":"https:\/\/georgethepenguin.dev\/index.php\/wp-json\/wp\/v2\/comments?post=50"}],"version-history":[{"count":1,"href":"https:\/\/georgethepenguin.dev\/index.php\/wp-json\/wp\/v2\/pages\/50\/revisions"}],"predecessor-version":[{"id":51,"href":"https:\/\/georgethepenguin.dev\/index.php\/wp-json\/wp\/v2\/pages\/50\/revisions\/51"}],"wp:attachment":[{"href":"https:\/\/georgethepenguin.dev\/index.php\/wp-json\/wp\/v2\/media?parent=50"}],"curies":[{"name":"wp","href":"https:\/\/api.w.org\/{rel}","templated":true}]}}